{"id":89,"date":"2025-07-08T22:07:58","date_gmt":"2025-07-08T22:07:58","guid":{"rendered":"https:\/\/jacoyan.com\/wordpress\/?page_id=89"},"modified":"2025-07-09T00:05:32","modified_gmt":"2025-07-09T00:05:32","slug":"construccion-de-inmuebles-comerciales-e-institucionales","status":"publish","type":"page","link":"https:\/\/jacoyan.com\/index.php\/construccion-de-inmuebles-comerciales-e-institucionales\/","title":{"rendered":"Construcci\u00f3n de inmuebles comerciales e institucionales"},"content":{"rendered":"\t\t<div data-elementor-type=\"wp-page\" data-elementor-id=\"89\" class=\"elementor elementor-89\" data-elementor-post-type=\"page\">\n\t\t\t\t<div class=\"elementor-element elementor-element-17f670d e-con-full e-flex e-con e-parent\" data-id=\"17f670d\" data-element_type=\"container\" data-settings=\"{&quot;background_background&quot;:&quot;slideshow&quot;,&quot;background_slideshow_gallery&quot;:[{&quot;id&quot;:113,&quot;url&quot;:&quot;https:\\\/\\\/jacoyan.com\\\/wordpress\\\/wp-content\\\/uploads\\\/2025\\\/07\\\/pexels-rdne-6936380-scaled.jpg&quot;},{&quot;id&quot;:103,&quot;url&quot;:&quot;https:\\\/\\\/jacoyan.com\\\/wordpress\\\/wp-content\\\/uploads\\\/2025\\\/07\\\/pexels-mxkrv-3655916-13425897-scaled.jpg&quot;},{&quot;id&quot;:77,&quot;url&quot;:&quot;https:\\\/\\\/jacoyan.com\\\/wordpress\\\/wp-content\\\/uploads\\\/2025\\\/07\\\/pexels-polina-kovaleva-5644367-1-scaled.jpg&quot;}],&quot;background_slideshow_lazyload&quot;:&quot;yes&quot;,&quot;background_slideshow_ken_burns&quot;:&quot;yes&quot;,&quot;background_slideshow_loop&quot;:&quot;yes&quot;,&quot;background_slideshow_slide_duration&quot;:5000,&quot;background_slideshow_slide_transition&quot;:&quot;fade&quot;,&quot;background_slideshow_transition_duration&quot;:500,&quot;background_slideshow_ken_burns_zoom_direction&quot;:&quot;in&quot;}\">\n\t\t<div class=\"elementor-element elementor-element-357c70c e-grid e-con-full e-con e-child\" data-id=\"357c70c\" data-element_type=\"container\">\n\t\t<div class=\"elementor-element elementor-element-a64b930 e-con-full e-flex e-con e-child\" data-id=\"a64b930\" data-element_type=\"container\">\n\t\t\t\t<div class=\"elementor-element elementor-element-ff78ccd elementor-widget elementor-widget-heading\" data-id=\"ff78ccd\" data-element_type=\"widget\" data-widget_type=\"heading.default\">\n\t\t\t\t\t<h2 class=\"elementor-heading-title elementor-size-default\">Construcci\u00f3n de inmuebles comerciales e institucionales<\/h2>\t\t\t\t<\/div>\n\t\t\t\t<\/div>\n\t\t<div class=\"elementor-element elementor-element-b2b473e e-con-full e-flex e-con e-child\" data-id=\"b2b473e\" data-element_type=\"container\">\n\t\t\t\t<\/div>\n\t\t\t\t<\/div>\n\t\t\t\t<\/div>\n\t\t<div class=\"elementor-element elementor-element-47cba12 e-flex e-con-boxed e-con e-parent\" data-id=\"47cba12\" data-element_type=\"container\">\n\t\t\t\t\t<div class=\"e-con-inner\">\n\t\t\t\t<div class=\"elementor-element elementor-element-be045f2 elementor-widget elementor-widget-spacer\" data-id=\"be045f2\" data-element_type=\"widget\" data-widget_type=\"spacer.default\">\n\t\t\t\t\t\t\t<div class=\"elementor-spacer\">\n\t\t\t<div class=\"elementor-spacer-inner\"><\/div>\n\t\t<\/div>\n\t\t\t\t\t\t<\/div>\n\t\t\t\t<div class=\"elementor-element elementor-element-2c7ce82 elementor-widget elementor-widget-text-editor\" data-id=\"2c7ce82\" data-element_type=\"widget\" data-widget_type=\"text-editor.default\">\n\t\t\t\t\t\t\t\t\t<p data-start=\"301\" data-end=\"673\">En Inmobiliaria Jacoyan desarrollamos proyectos constructivos de alto impacto que responden a las necesidades t\u00e9cnicas, funcionales y normativas de nuestros clientes. Nos especializamos en la edificaci\u00f3n de oficinas corporativas, cl\u00ednicas, centros educativos, locales comerciales, espacios administrativos y otros inmuebles destinados a un uso institucional o empresarial.<\/p><p data-start=\"675\" data-end=\"1017\">Cada proyecto es planificado con visi\u00f3n estrat\u00e9gica, considerando factores como eficiencia operativa, optimizaci\u00f3n de espacios, cumplimiento regulatorio y sostenibilidad a largo plazo. Nuestra metodolog\u00eda combina dise\u00f1o arquitect\u00f3nico de vanguardia con ejecuci\u00f3n t\u00e9cnica rigurosa, garantizando entregas puntuales y resultados de alta calidad.<\/p><p data-start=\"1019\" data-end=\"1337\">Desde la excavaci\u00f3n inicial hasta la \u00faltima instalaci\u00f3n, nos encargamos de todo el proceso constructivo, incluyendo permisos, gesti\u00f3n de contratistas, control de calidad y seguimiento presupuestal. Brindamos un servicio llave en mano, para que nuestros clientes reciban un inmueble completamente listo para operar.<\/p>\t\t\t\t\t\t\t\t<\/div>\n\t\t\t\t<div class=\"elementor-element elementor-element-3adef4a elementor-widget elementor-widget-spacer\" data-id=\"3adef4a\" data-element_type=\"widget\" data-widget_type=\"spacer.default\">\n\t\t\t\t\t\t\t<div class=\"elementor-spacer\">\n\t\t\t<div class=\"elementor-spacer-inner\"><\/div>\n\t\t<\/div>\n\t\t\t\t\t\t<\/div>\n\t\t\t\t\t<\/div>\n\t\t\t\t<\/div>\n\t\t<div class=\"elementor-element elementor-element-dcb6b40 e-flex e-con-boxed e-con e-parent\" data-id=\"dcb6b40\" data-element_type=\"container\">\n\t\t\t\t\t<div class=\"e-con-inner\">\n\t\t<div class=\"elementor-element elementor-element-d174079 e-grid e-con-full e-con e-child\" data-id=\"d174079\" data-element_type=\"container\">\n\t\t\t\t<div class=\"elementor-element elementor-element-7c32954 elementor-cta--skin-classic elementor-animated-content elementor-bg-transform elementor-bg-transform-zoom-in elementor-widget elementor-widget-call-to-action\" data-id=\"7c32954\" data-element_type=\"widget\" data-widget_type=\"call-to-action.default\">\n\t\t\t\t\t\t\t<div class=\"elementor-cta\">\n\t\t\t\t\t<div class=\"elementor-cta__bg-wrapper\">\n\t\t\t\t<div class=\"elementor-cta__bg elementor-bg\" style=\"background-image: url(https:\/\/jacoyan.com\/wordpress\/wp-content\/uploads\/2025\/07\/pexels-expect-best-79873-323705-1024x683.jpg);\" role=\"img\" aria-label=\"pexels-expect-best-79873-323705\"><\/div>\n\t\t\t\t<div class=\"elementor-cta__bg-overlay\"><\/div>\n\t\t\t<\/div>\n\t\t\t\t\t\t\t<div class=\"elementor-cta__content\">\n\t\t\t\t\n\t\t\t\t\t\t\t\t\t<h2 class=\"elementor-cta__title elementor-cta__content-item elementor-content-item\">\n\t\t\t\t\t\tOficinas corporativas y gubernamentales\t\t\t\t\t<\/h2>\n\t\t\t\t\n\t\t\t\t\n\t\t\t\t\t\t\t<\/div>\n\t\t\t\t\t\t<\/div>\n\t\t\t\t\t\t<\/div>\n\t\t\t\t<div class=\"elementor-element elementor-element-df209ab elementor-cta--skin-classic elementor-animated-content elementor-bg-transform elementor-bg-transform-zoom-in elementor-widget elementor-widget-call-to-action\" data-id=\"df209ab\" data-element_type=\"widget\" data-widget_type=\"call-to-action.default\">\n\t\t\t\t\t\t\t<div class=\"elementor-cta\">\n\t\t\t\t\t<div class=\"elementor-cta__bg-wrapper\">\n\t\t\t\t<div class=\"elementor-cta__bg elementor-bg\" style=\"background-image: url(https:\/\/jacoyan.com\/wordpress\/wp-content\/uploads\/2025\/07\/pexels-babydov-7789616-1024x683.jpg);\" role=\"img\" aria-label=\"pexels-babydov-7789616\"><\/div>\n\t\t\t\t<div class=\"elementor-cta__bg-overlay\"><\/div>\n\t\t\t<\/div>\n\t\t\t\t\t\t\t<div class=\"elementor-cta__content\">\n\t\t\t\t\n\t\t\t\t\t\t\t\t\t<h2 class=\"elementor-cta__title elementor-cta__content-item elementor-content-item\">\n\t\t\t\t\t\tConsultorios y cl\u00ednicas de salud\t\t\t\t\t<\/h2>\n\t\t\t\t\n\t\t\t\t\n\t\t\t\t\t\t\t<\/div>\n\t\t\t\t\t\t<\/div>\n\t\t\t\t\t\t<\/div>\n\t\t\t\t<div class=\"elementor-element elementor-element-2015e07 elementor-cta--skin-classic elementor-animated-content elementor-bg-transform elementor-bg-transform-zoom-in elementor-widget elementor-widget-call-to-action\" data-id=\"2015e07\" data-element_type=\"widget\" data-widget_type=\"call-to-action.default\">\n\t\t\t\t\t\t\t<div class=\"elementor-cta\">\n\t\t\t\t\t<div class=\"elementor-cta__bg-wrapper\">\n\t\t\t\t<div class=\"elementor-cta__bg elementor-bg\" style=\"background-image: url(https:\/\/jacoyan.com\/wordpress\/wp-content\/uploads\/2025\/07\/pexels-pavel-danilyuk-8423005-1024x684.jpg);\" role=\"img\" aria-label=\"pexels-pavel-danilyuk-8423005\"><\/div>\n\t\t\t\t<div class=\"elementor-cta__bg-overlay\"><\/div>\n\t\t\t<\/div>\n\t\t\t\t\t\t\t<div class=\"elementor-cta__content\">\n\t\t\t\t\n\t\t\t\t\t\t\t\t\t<h2 class=\"elementor-cta__title elementor-cta__content-item elementor-content-item\">\n\t\t\t\t\t\tEscuelas y centros educativos privados o p\u00fablicos\t\t\t\t\t<\/h2>\n\t\t\t\t\n\t\t\t\t\n\t\t\t\t\t\t\t<\/div>\n\t\t\t\t\t\t<\/div>\n\t\t\t\t\t\t<\/div>\n\t\t\t\t<div class=\"elementor-element elementor-element-8a1c575 elementor-cta--skin-classic elementor-animated-content elementor-bg-transform elementor-bg-transform-zoom-in elementor-widget elementor-widget-call-to-action\" data-id=\"8a1c575\" data-element_type=\"widget\" data-widget_type=\"call-to-action.default\">\n\t\t\t\t\t\t\t<div class=\"elementor-cta\">\n\t\t\t\t\t<div class=\"elementor-cta__bg-wrapper\">\n\t\t\t\t<div class=\"elementor-cta__bg elementor-bg\" style=\"background-image: url(https:\/\/jacoyan.com\/wordpress\/wp-content\/uploads\/2025\/07\/pexels-mxkrv-3655916-13425897-1024x576.jpg);\" role=\"img\" aria-label=\"pexels-mxkrv-3655916-13425897\"><\/div>\n\t\t\t\t<div class=\"elementor-cta__bg-overlay\"><\/div>\n\t\t\t<\/div>\n\t\t\t\t\t\t\t<div class=\"elementor-cta__content\">\n\t\t\t\t\n\t\t\t\t\t\t\t\t\t<h2 class=\"elementor-cta__title elementor-cta__content-item elementor-content-item\">\n\t\t\t\t\t\tLocales comerciales y plazas\t\t\t\t\t<\/h2>\n\t\t\t\t\n\t\t\t\t\n\t\t\t\t\t\t\t<\/div>\n\t\t\t\t\t\t<\/div>\n\t\t\t\t\t\t<\/div>\n\t\t<div class=\"elementor-element elementor-element-73f66d9 e-con-full e-flex e-con e-child\" data-id=\"73f66d9\" data-element_type=\"container\">\n\t\t\t\t<div class=\"elementor-element elementor-element-e65b18f elementor-widget elementor-widget-heading\" data-id=\"e65b18f\" data-element_type=\"widget\" data-widget_type=\"heading.default\">\n\t\t\t\t\t<h2 class=\"elementor-heading-title elementor-size-default\">En qu\u00e9 tipo de espacios nos especializamos:<\/h2>\t\t\t\t<\/div>\n\t\t\t\t<div class=\"elementor-element elementor-element-8209a70 elementor-widget elementor-widget-image\" data-id=\"8209a70\" data-element_type=\"widget\" data-widget_type=\"image.default\">\n\t\t\t\t\t\t\t\t\t\t\t\t\t\t\t<img decoding=\"async\" src=\"https:\/\/jacoyan.com\/wordpress\/wp-content\/uploads\/2025\/07\/Inmobiliaria-Jacoyan_Alta.png\" title=\"\" alt=\"\" loading=\"lazy\" \/>\t\t\t\t\t\t\t\t\t\t\t\t\t\t\t<\/div>\n\t\t\t\t<\/div>\n\t\t\t\t<div class=\"elementor-element elementor-element-130f773 elementor-cta--skin-classic elementor-animated-content elementor-bg-transform elementor-bg-transform-zoom-in elementor-widget elementor-widget-call-to-action\" data-id=\"130f773\" data-element_type=\"widget\" data-widget_type=\"call-to-action.default\">\n\t\t\t\t\t\t\t<div class=\"elementor-cta\">\n\t\t\t\t\t<div class=\"elementor-cta__bg-wrapper\">\n\t\t\t\t<div class=\"elementor-cta__bg elementor-bg\" style=\"background-image: url(https:\/\/jacoyan.com\/wordpress\/wp-content\/uploads\/2025\/07\/pexels-diego-f-parra-33199-24244230-1024x683.jpg);\" role=\"img\" aria-label=\"pexels-diego-f-parra-33199-24244230\"><\/div>\n\t\t\t\t<div class=\"elementor-cta__bg-overlay\"><\/div>\n\t\t\t<\/div>\n\t\t\t\t\t\t\t<div class=\"elementor-cta__content\">\n\t\t\t\t\n\t\t\t\t\t\t\t\t\t<h2 class=\"elementor-cta__title elementor-cta__content-item elementor-content-item\">\n\t\t\t\t\t\tNaves o almacenes institucionales\t\t\t\t\t<\/h2>\n\t\t\t\t\n\t\t\t\t\n\t\t\t\t\t\t\t<\/div>\n\t\t\t\t\t\t<\/div>\n\t\t\t\t\t\t<\/div>\n\t\t\t\t<\/div>\n\t\t\t\t\t<\/div>\n\t\t\t\t<\/div>\n\t\t\t\t<\/div>\n\t\t","protected":false},"excerpt":{"rendered":"<p>Construcci\u00f3n de inmuebles comerciales e institucionales En Inmobiliaria Jacoyan desarrollamos proyectos constructivos de alto impacto que responden a las necesidades t\u00e9cnicas, funcionales y normativas de nuestros clientes. Nos especializamos en la edificaci\u00f3n de oficinas corporativas, cl\u00ednicas, centros educativos, locales comerciales, espacios administrativos y otros inmuebles destinados a un uso institucional o empresarial. Cada proyecto es [&hellip;]<\/p>\n","protected":false},"author":1,"featured_media":0,"parent":0,"menu_order":0,"comment_status":"closed","ping_status":"closed","template":"","meta":{"footnotes":""},"class_list":["post-89","page","type-page","status-publish","hentry"],"_links":{"self":[{"href":"https:\/\/jacoyan.com\/index.php\/wp-json\/wp\/v2\/pages\/89","targetHints":{"allow":["GET"]}}],"collection":[{"href":"https:\/\/jacoyan.com\/index.php\/wp-json\/wp\/v2\/pages"}],"about":[{"href":"https:\/\/jacoyan.com\/index.php\/wp-json\/wp\/v2\/types\/page"}],"author":[{"embeddable":true,"href":"https:\/\/jacoyan.com\/index.php\/wp-json\/wp\/v2\/users\/1"}],"replies":[{"embeddable":true,"href":"https:\/\/jacoyan.com\/index.php\/wp-json\/wp\/v2\/comments?post=89"}],"version-history":[{"count":22,"href":"https:\/\/jacoyan.com\/index.php\/wp-json\/wp\/v2\/pages\/89\/revisions"}],"predecessor-version":[{"id":198,"href":"https:\/\/jacoyan.com\/index.php\/wp-json\/wp\/v2\/pages\/89\/revisions\/198"}],"wp:attachment":[{"href":"https:\/\/jacoyan.com\/index.php\/wp-json\/wp\/v2\/media?parent=89"}],"curies":[{"name":"wp","href":"https:\/\/api.w.org\/{rel}","templated":true}]}}